{"id":21915,"date":"2022-04-13T16:45:58","date_gmt":"2022-04-13T14:45:58","guid":{"rendered":"https:\/\/www.qintesi.com\/privacy-e-termini-di-utilizzo\/"},"modified":"2025-11-12T10:34:17","modified_gmt":"2025-11-12T09:34:17","slug":"privacy-e-termini-di-utilizzo","status":"publish","type":"page","link":"https:\/\/www.qintesi.com\/en\/privacy-e-termini-di-utilizzo\/","title":{"rendered":"Privacy e Termini di utilizzo"},"content":{"rendered":"<div data-elementor-type=\"wp-page\" data-elementor-id=\"21915\" class=\"elementor elementor-21915 elementor-20641\" data-elementor-post-type=\"page\">\n\t\t\t\t\t\t<section data-particle_enable=\"false\" data-particle-mobile-disabled=\"false\" class=\"elementor-section elementor-top-section elementor-element elementor-element-bf2a926 elementor-section-boxed elementor-section-height-default elementor-section-height-default\" data-id=\"bf2a926\" data-element_type=\"section\" data-e-type=\"section\">\n\t\t\t\t\t\t<div class=\"elementor-container elementor-column-gap-default\">\n\t\t\t\t\t<div class=\"elementor-column elementor-col-100 elementor-top-column elementor-element elementor-element-9ec0e28\" data-id=\"9ec0e28\" data-element_type=\"column\" data-e-type=\"column\">\n\t\t\t<div class=\"elementor-widget-wrap elementor-element-populated\">\n\t\t\t\t\t\t<div class=\"elementor-element elementor-element-65efbd7 elementor-widget elementor-widget-heading\" data-id=\"65efbd7\" data-element_type=\"widget\" data-e-type=\"widget\" data-widget_type=\"heading.default\">\n\t\t\t\t<div class=\"elementor-widget-container\">\n\t\t\t\t\t<h1 class=\"elementor-heading-title elementor-size-default\">Informativa per il trattamento di dati personali in ambito di marketing artt. 13 e 14 Regolamento (UE) 2016\/679 (Regolamento Generale sulla Protezione dei Dati Personali)<\/h1>\t\t\t\t<\/div>\n\t\t\t\t<\/div>\n\t\t\t\t<div class=\"elementor-element elementor-element-d061b13 elementor-widget elementor-widget-text-editor\" data-id=\"d061b13\" data-element_type=\"widget\" data-e-type=\"widget\" data-widget_type=\"text-editor.default\">\n\t\t\t\t<div class=\"elementor-widget-container\">\n\t\t\t\t\t\t\t\t\t<p><em>Revisione n. 1 del 29.10.2025<\/em><\/p><p>La presente informativa viene resa da <strong>QINTESI S.p.A. <\/strong>in qualit\u00e0 di Titolare del Trattamento (di seguito il \u201cTitolare\u201d) in conformit\u00e0 al Regolamento Generale sulla Protezione dei Dati UE 2016\/679 (\u201cG.D.P.R.\u201d) del 27 aprile 2016 (il \u201cRegolamento\u201d) e del D.lgs. 30 giugno 2003, n. 196 come modificato dal D.lgs. 101\/2018 (di seguito, il \u201cCodice\u201d).<\/p><p>Di seguito forniamo una descrizione delle modalit\u00e0 di trattamento dei dati personali nell\u2019ambito delle iniziative e comunicazioni di marketing svolte dalla Societ\u00e0 e dal Network QINTESI.<\/p><p>Per \u201cdato\u201d si intende \u201c<em>qualsiasi informazione riguardante una persona fisica identificata o identificabile<\/em>\u201d e per \u201ctrattamento\u201d \u201c<em>qualsiasi operazione o insieme di operazioni, compiute con o senza l\u2019ausilio di processi automatizzati e applicate a dati personali o insiemi di dati personali, come la raccolta, la registrazione, l\u2019organizzazione, la strutturazione, la conservazione, l\u2019adattamento o la modifica, l\u2019estrazione, la consultazione, l\u2019uso, la comunicazione mediante trasmissione, diffusione o qualsiasi altra forma di messa a disposizione, il raffronto o l\u2019interconnessione, la limitazione, la cancellazione o la distruzione<\/em>\u201d.<\/p><p>\u00c8 possibile la somministrazione di informative separate in relazione a specifiche e categorie di trattamento di dati personali.<\/p><h3><strong>Soggetti del trattamento<\/strong><\/h3><p>Titolare del Trattamento \u00e8 <strong>Qintesi S.p.A. &#8211; Via Stezzano 87 \u2013 24126 Bergamo (BG) &#8211; CCIAA\/R.E.A. BG 284863 \u2013 C.F. e Partita IVA: 02384970162, <\/strong>in persona del legale rappresentante.<\/p><p>Il trattamento dei dati avviene ad opera di soggetti delegati del trattamento, in particolare di Incaricati e Responsabili Esterni del Trattamento e Amministratore del Sistema Informatico, che operano su nomina specifica determinata con atto scritto da parte del Titolare del Trattamento, con impegno alla massima riservatezza ed a non divulgare a terzi i dati senza specifica autorizzazione. L\u2019elencazione dei relativi nominativi \u00e8 fornita a richiesta dell\u2019interessato.<\/p><p>Il Responsabile della Protezione dei Dati (RPD \u2013 DPO) nominato dal Titolare \u00e8 l\u2019Avv. Alberto Giuliani, reperibile all\u2019indirizzo <a href=\"mailto:dpo@qintesi.it\">dpo@qintesi.it<\/a>.<\/p><p><strong>\u00a0<\/strong><\/p><h3><strong>Principi del trattamento<\/strong><\/h3><p>QINTESI S.p.A. attua il trattamento dei dati personali conferiti, per finalit\u00e0 predeterminate e nel rispetto dei principi di liceit\u00e0, correttezza, trasparenza, pertinenza e minimizzazione stabiliti dalla normativa vigente.<\/p><p>Il Titolare del Trattamento riconosce il diritto alla protezione dei dati personali e le libert\u00e0 fondamentali delle persone fisiche e si impegna a dare tempestivo seguito alle istanze volte all\u2019esercizio dei diritti previsti dalla legge ed a proteggere la riservatezza di informazioni e dati personali da trattamenti illeciti o non autorizzati.<\/p><p><strong>\u00a0<\/strong><\/p><h3><strong>Categorie di dati personali, finalit\u00e0 del trattamento e relative basi giuridiche<\/strong><\/h3><p>Il trattamento dei dati personali si attua in forza della base giuridica del <strong>consenso dell\u2019interessato<\/strong> in relazione alle seguenti <strong>specifiche finalit\u00e0<\/strong>:<\/p><table width=\"100%\"><tbody><tr><td width=\"27%\"><p><strong>Tipologie di dati personali<\/strong><\/p><\/td><td width=\"30%\"><p><strong>Finalit\u00e0<\/strong><\/p><\/td><td width=\"21%\"><p><strong>Base giuridica<\/strong><\/p><\/td><td width=\"21%\"><p><strong>Conservazione<\/strong><\/p><\/td><\/tr><tr><td rowspan=\"2\" width=\"27%\"><p>\u00b7\u00a0\u00a0\u00a0\u00a0\u00a0 <strong>Dati personali di identificazione <\/strong>(nome, cognome);<\/p><p>\u00b7\u00a0\u00a0\u00a0\u00a0\u00a0 <strong>Dati di contatto <\/strong>(indirizzo e-mail; numero di telefono)<\/p><\/td><td width=\"30%\"><p><strong>a)\u00a0\u00a0\u00a0 <\/strong><strong>Marketing diretto<\/strong>, con invio di comunicazioni commerciali relative a servizi, eventi e webinar delle societ\u00e0 del Network QINTESI<\/p><\/td><td width=\"21%\"><p><strong>Legittimo interesse<\/strong><\/p><\/td><td rowspan=\"2\" width=\"21%\"><p>Il Titolare tratter\u00e0 i dati personali per il tempo necessario per adempiere alle finalit\u00e0 di cui sopra e comunque per non oltre 24 mesi dalla relativa acquisizione.<\/p><\/td><\/tr><tr><td width=\"30%\"><p><strong>b)\u00a0\u00a0\u00a0 <\/strong><strong>Marketing profilato<\/strong>, con analisi delle preferenze dell\u2019utente, abitudini, comportamenti, interessi, ai fini di svolgere azioni commerciali mirate e di business intelligence<\/p><\/td><td width=\"21%\"><p><strong>Consenso dell\u2019interessato<\/strong><\/p><\/td><\/tr><\/tbody><\/table><p><strong>\u00a0<\/strong><\/p><h3><strong>Modalit\u00e0 di trattamento dei dati<\/strong><\/h3><p>In relazione alle finalit\u00e0 sopra indicate, il trattamento dei dati personali avviene mediante le seguenti operazioni: raccolta, registrazione, conservazione, consultazione, elaborazione, comunicazione, cancellazione e distruzione e trasferimento a terzi all\u2019interno dell\u2019Unione Europea.<\/p><p>Il trattamento dei dati \u00e8 svolto con modalit\u00e0 cartacee ed anche telematiche.<\/p><p>Non sono previsti processi decisionali automatizzati, compresa la profilazione, rientranti nell\u2019ambito di applicazione dell\u2019art. 22 Reg. UE 2016\/679.<\/p><p>I dati personali sono conservati su server ubicato all\u2019interno dell\u2019Unione Europea.<\/p><p>Il Titolare ha svolto una valutazione di impatto e predisposto adeguate misure di sicurezza a protezione dei dati personali.<\/p><p>Nello svolgimento delle attivit\u00e0 di trattamento, QINTESI S.p.A. ed il Network QINTESI si impegnano a:<\/p><ul><li>assicurare l\u2019esattezza e l\u2019aggiornamento dei dati trattati e recepire prontamente eventuali rettifiche ed integrazioni richieste dal soggetto interessato;<\/li><li>notificare al soggetto interessato, nei casi e modi stabiliti dalla normativa, eventuali violazioni dei dati personali (c.d. \u201cdata breach\u201d);<\/li><li>garantire la conformit\u00e0 delle operazioni di trattamento alle disposizioni di legge applicabili.<\/li><\/ul><h3><strong>Destinatari della comunicazione dei dati personali<\/strong><\/h3><p>I dati personali potranno essere oggetto di comunicazione, nel rispetto della legge ed ove richiesto per il conseguimento delle finalit\u00e0 sopra indicate, alle categorie di soggetti destinatari di seguito indicate:<\/p><table width=\"100%\"><tbody><tr><td width=\"67%\"><p><strong>Categorie di destinatari<\/strong><\/p><\/td><td width=\"32%\"><p><strong>Ruolo<\/strong><\/p><\/td><\/tr><tr><td width=\"67%\"><p>\u00b7\u00a0\u00a0\u00a0\u00a0\u00a0\u00a0 Societ\u00e0 del Network QINTESI nell\u2019ambito dei processi di marketing e business development di gruppo<\/p><\/td><td width=\"32%\"><p>Responsabili esterni del Trattamento<\/p><\/td><\/tr><tr><td width=\"67%\"><p>\u00b7\u00a0\u00a0\u00a0\u00a0\u00a0\u00a0 Advisors, agenzie e societ\u00e0 incaricate in ambito di marketing per conto del Titolare del Trattamento<\/p><\/td><td width=\"32%\"><p>Responsabili esterni del Trattamento<\/p><\/td><\/tr><\/tbody><\/table><p><strong>\u00a0<\/strong><\/p><h3><strong>Politica di conservazione dei dati personali<\/strong><\/h3><p>Il Titolare del Trattamento conserva nei propri sistemi i dati personali acquisiti in una forma che consenta l\u2019identificazione dei soggetti interessati per al massimo 24 (ventiquattro) mesi ed in ogni caso per un arco di tempo necessario al conseguimento delle finalit\u00e0 del trattamento.<\/p><p>Si riportano di seguito i criteri utilizzati per determinare l\u2019eventuale periodo di conservazione ulteriore dei dati:<\/p><ul><li>perseguimento delle finalit\u00e0 relative al trattamento<\/li><li>tempo di conservazione richiesto per legge<\/li><li>revoca del consenso da parte dell\u2019interessato (in caso di trattamento basato sul consenso)<\/li><li>termine massimo consentito dalla normativa vigente a tutela dei diritti e\/o interessi del Titolare.<\/li><\/ul><h3><strong>Diritti degli interessati<\/strong><\/h3><p>La societ\u00e0 intende informarLa che, in qualit\u00e0 di soggetto interessato, potr\u00e0 esercitare i diritti previsti dagli artt. 15 \u2013 22 Reg. UE 2016\/679 (\u201cG.D.P.R.\u201d) ed in particolare:<\/p><p><strong><em>Diritto di accesso e copia (art. 15 Reg. UE 2016\/679):<\/em><\/strong> conoscere in ogni momento l\u2019effettiva attuazione di un trattamento di dati ed in particolare le finalit\u00e0 del trattamento, le categorie di dati, i destinatari a cui sono stati o saranno comunicati, il periodo di conservazione, le informazioni disponibili circa la loro origine ed acquisizione qualora i dati non siano raccolti o conferiti direttamente dall\u2019interessato, l\u2019esistenza di un eventuale processo di trattamento e profilazione automatizzato, le garanzie e le modalit\u00e0 di un eventuale trasferimento dei dati ad un paese terzo o ad un\u2019organizzazione internazionale a norma dell\u2019art. 46 Reg. UE 2016\/679. Ottenere copia dei dati stessi eventualmente con addebito dei costi relativi per pi\u00f9 richieste.<\/p><p><strong><em>Diritto di rettifica e cancellazione (artt. 16 e 17 Reg. UE 2016\/679):<\/em><\/strong> ottenere la rettifica ovvero l\u2019integrazione dei dati personali inesatti, nonch\u00e9 la cancellazione dei dati senza ritardo ingiustificato, con limitazione del trattamento nelle more dell\u2019istruttoria.<\/p><p><strong><em>Diritto alla portabilit\u00e0 dei dati (art. 20 Reg. UE 2016\/679):<\/em><\/strong> ottenere in formato intellegibile anche telematico i dati personali ovvero la trasmissione ad altro titolare del trattamento senza impedimenti salvo che per ragioni di impossibilit\u00e0 tecnica ed oggettiva.<\/p><p><strong><em>Diritto di opposizione e revoca del consenso (artt. 7 e 21 Reg. UE 2016\/679): <\/em><\/strong>opporsi e revocare il consenso in qualsiasi momento al trattamento dei dati, salva la sussistenza di motivi legittimi cogenti prevalenti su interessi, diritti e libert\u00e0 dell\u2019interessato come per l\u2019accertamento, l\u2019esercizio o la difesa in sede giudiziaria.<\/p><p><strong><em>Diritto di reclamo all\u2019autorit\u00e0 di controllo (art. 77 Reg. UE 2016\/679): <\/em><\/strong>proporre reclamo all\u2019Autorit\u00e0 di controllo competente in caso di violazione delle relative disposizioni.<\/p><p><strong><em>Diritto al risarcimento del danno (art. 82 Reg. UE 2016\/679): <\/em><\/strong>ottenere il risarcimento del danno a norma dell\u2019art. 82 Reg. UE 2016\/679.<\/p><p><strong><em>Diritto alla notifica di violazioni dei dati (art. 34 Reg. UE 2016\/679): <\/em><\/strong>qualora la violazione dei dati personali presenti un rischio elevato per i diritti e le libert\u00e0 delle persone fisiche, senza ingiustificato ritardo.<\/p><p><em>Eventuali istanze per l\u2019esercizio dei diritti sopra elencati dovranno essere rivolte personalmente o mediante lettera raccomandata a.r. presso la sede della societ\u00e0 ovvero tramite comunicazione e-mail a: <strong><a href=\"mailto:privacy@qintesi.it\">privacy@qintesi.it<\/a><\/strong><\/em><\/p><p><em>\u00a0<\/em><\/p>\t\t\t\t\t\t\t\t<\/div>\n\t\t\t\t<\/div>\n\t\t\t\t\t<\/div>\n\t\t<\/div>\n\t\t\t\t\t<\/div>\n\t\t<\/section>\n\t\t\t\t<\/div>","protected":false},"excerpt":{"rendered":"<p>Informativa per il trattamento di dati personali in ambito di marketing artt. 13 e 14 Regolamento (UE) 2016\/679 (Regolamento Generale sulla Protezione dei Dati Personali) Revisione n. 1 del 29.10.2025 La presente informativa viene resa da QINTESI S.p.A. in qualit\u00e0 di Titolare del Trattamento (di seguito il \u201cTitolare\u201d) in conformit\u00e0 al Regolamento Generale sulla Protezione [&hellip;]<\/p>","protected":false},"author":2,"featured_media":0,"parent":0,"menu_order":0,"comment_status":"closed","ping_status":"closed","template":"","meta":{"_vp_format_video_url":"","_vp_image_focal_point":[],"footnotes":""},"class_list":["post-21915","page","type-page","status-publish","hentry"],"yoast_head":"<!-- This site is optimized with the Yoast SEO plugin v27.4 - https:\/\/yoast.com\/product\/yoast-seo-wordpress\/ -->\n<title>Privacy e Termini di utilizzo - Qintesi<\/title>\n<meta name=\"robots\" content=\"index, follow, max-snippet:-1, max-image-preview:large, max-video-preview:-1\" \/>\n<link rel=\"canonical\" href=\"https:\/\/www.qintesi.com\/en\/privacy-e-termini-di-utilizzo\/\" \/>\n<meta property=\"og:locale\" content=\"en_US\" \/>\n<meta property=\"og:type\" content=\"article\" \/>\n<meta property=\"og:title\" content=\"Privacy e Termini di utilizzo - Qintesi\" \/>\n<meta property=\"og:description\" content=\"Informativa per il trattamento di dati personali in ambito di marketing artt. 13 e 14 Regolamento (UE) 2016\/679 (Regolamento Generale sulla Protezione dei Dati Personali) Revisione n. 1 del 29.10.2025 La presente informativa viene resa da QINTESI S.p.A. in qualit\u00e0 di Titolare del Trattamento (di seguito il \u201cTitolare\u201d) in conformit\u00e0 al Regolamento Generale sulla Protezione [&hellip;]\" \/>\n<meta property=\"og:url\" content=\"https:\/\/www.qintesi.com\/en\/privacy-e-termini-di-utilizzo\/\" \/>\n<meta property=\"og:site_name\" content=\"Qintesi\" \/>\n<meta property=\"article:modified_time\" content=\"2025-11-12T09:34:17+00:00\" \/>\n<meta name=\"twitter:card\" content=\"summary_large_image\" \/>\n<meta name=\"twitter:label1\" content=\"Est. reading time\" \/>\n\t<meta name=\"twitter:data1\" content=\"7 minutes\" \/>\n<script type=\"application\/ld+json\" class=\"yoast-schema-graph\">{\"@context\":\"https:\\\/\\\/schema.org\",\"@graph\":[{\"@type\":\"WebPage\",\"@id\":\"https:\\\/\\\/www.qintesi.com\\\/en\\\/privacy-e-termini-di-utilizzo\\\/\",\"url\":\"https:\\\/\\\/www.qintesi.com\\\/en\\\/privacy-e-termini-di-utilizzo\\\/\",\"name\":\"Privacy e Termini di utilizzo - Qintesi\",\"isPartOf\":{\"@id\":\"https:\\\/\\\/www.qintesi.com\\\/#website\"},\"datePublished\":\"2022-04-13T14:45:58+00:00\",\"dateModified\":\"2025-11-12T09:34:17+00:00\",\"breadcrumb\":{\"@id\":\"https:\\\/\\\/www.qintesi.com\\\/en\\\/privacy-e-termini-di-utilizzo\\\/#breadcrumb\"},\"inLanguage\":\"en-US\",\"potentialAction\":[{\"@type\":\"ReadAction\",\"target\":[\"https:\\\/\\\/www.qintesi.com\\\/en\\\/privacy-e-termini-di-utilizzo\\\/\"]}]},{\"@type\":\"BreadcrumbList\",\"@id\":\"https:\\\/\\\/www.qintesi.com\\\/en\\\/privacy-e-termini-di-utilizzo\\\/#breadcrumb\",\"itemListElement\":[{\"@type\":\"ListItem\",\"position\":1,\"name\":\"Home\",\"item\":\"https:\\\/\\\/www.qintesi.com\\\/\"},{\"@type\":\"ListItem\",\"position\":2,\"name\":\"Privacy e Termini di utilizzo\"}]},{\"@type\":\"WebSite\",\"@id\":\"https:\\\/\\\/www.qintesi.com\\\/#website\",\"url\":\"https:\\\/\\\/www.qintesi.com\\\/\",\"name\":\"Qintesi\",\"description\":\"People shaping solutions.\",\"publisher\":{\"@id\":\"https:\\\/\\\/www.qintesi.com\\\/#organization\"},\"potentialAction\":[{\"@type\":\"SearchAction\",\"target\":{\"@type\":\"EntryPoint\",\"urlTemplate\":\"https:\\\/\\\/www.qintesi.com\\\/?s={search_term_string}\"},\"query-input\":{\"@type\":\"PropertyValueSpecification\",\"valueRequired\":true,\"valueName\":\"search_term_string\"}}],\"inLanguage\":\"en-US\"},{\"@type\":\"Organization\",\"@id\":\"https:\\\/\\\/www.qintesi.com\\\/#organization\",\"name\":\"Qintesi\",\"url\":\"https:\\\/\\\/www.qintesi.com\\\/\",\"logo\":{\"@type\":\"ImageObject\",\"inLanguage\":\"en-US\",\"@id\":\"https:\\\/\\\/www.qintesi.com\\\/#\\\/schema\\\/logo\\\/image\\\/\",\"url\":\"https:\\\/\\\/www.qintesi.com\\\/wp-content\\\/uploads\\\/2022\\\/03\\\/qintesi_logo.png\",\"contentUrl\":\"https:\\\/\\\/www.qintesi.com\\\/wp-content\\\/uploads\\\/2022\\\/03\\\/qintesi_logo.png\",\"width\":908,\"height\":681,\"caption\":\"Qintesi\"},\"image\":{\"@id\":\"https:\\\/\\\/www.qintesi.com\\\/#\\\/schema\\\/logo\\\/image\\\/\"}}]}<\/script>\n<!-- \/ Yoast SEO plugin. -->","yoast_head_json":{"title":"Privacy e Termini di utilizzo - Qintesi","robots":{"index":"index","follow":"follow","max-snippet":"max-snippet:-1","max-image-preview":"max-image-preview:large","max-video-preview":"max-video-preview:-1"},"canonical":"https:\/\/www.qintesi.com\/en\/privacy-e-termini-di-utilizzo\/","og_locale":"en_US","og_type":"article","og_title":"Privacy e Termini di utilizzo - Qintesi","og_description":"Informativa per il trattamento di dati personali in ambito di marketing artt. 13 e 14 Regolamento (UE) 2016\/679 (Regolamento Generale sulla Protezione dei Dati Personali) Revisione n. 1 del 29.10.2025 La presente informativa viene resa da QINTESI S.p.A. in qualit\u00e0 di Titolare del Trattamento (di seguito il \u201cTitolare\u201d) in conformit\u00e0 al Regolamento Generale sulla Protezione [&hellip;]","og_url":"https:\/\/www.qintesi.com\/en\/privacy-e-termini-di-utilizzo\/","og_site_name":"Qintesi","article_modified_time":"2025-11-12T09:34:17+00:00","twitter_card":"summary_large_image","twitter_misc":{"Est. reading time":"7 minutes"},"schema":{"@context":"https:\/\/schema.org","@graph":[{"@type":"WebPage","@id":"https:\/\/www.qintesi.com\/en\/privacy-e-termini-di-utilizzo\/","url":"https:\/\/www.qintesi.com\/en\/privacy-e-termini-di-utilizzo\/","name":"Privacy e Termini di utilizzo - Qintesi","isPartOf":{"@id":"https:\/\/www.qintesi.com\/#website"},"datePublished":"2022-04-13T14:45:58+00:00","dateModified":"2025-11-12T09:34:17+00:00","breadcrumb":{"@id":"https:\/\/www.qintesi.com\/en\/privacy-e-termini-di-utilizzo\/#breadcrumb"},"inLanguage":"en-US","potentialAction":[{"@type":"ReadAction","target":["https:\/\/www.qintesi.com\/en\/privacy-e-termini-di-utilizzo\/"]}]},{"@type":"BreadcrumbList","@id":"https:\/\/www.qintesi.com\/en\/privacy-e-termini-di-utilizzo\/#breadcrumb","itemListElement":[{"@type":"ListItem","position":1,"name":"Home","item":"https:\/\/www.qintesi.com\/"},{"@type":"ListItem","position":2,"name":"Privacy e Termini di utilizzo"}]},{"@type":"WebSite","@id":"https:\/\/www.qintesi.com\/#website","url":"https:\/\/www.qintesi.com\/","name":"Qintesi","description":"People shaping solutions.","publisher":{"@id":"https:\/\/www.qintesi.com\/#organization"},"potentialAction":[{"@type":"SearchAction","target":{"@type":"EntryPoint","urlTemplate":"https:\/\/www.qintesi.com\/?s={search_term_string}"},"query-input":{"@type":"PropertyValueSpecification","valueRequired":true,"valueName":"search_term_string"}}],"inLanguage":"en-US"},{"@type":"Organization","@id":"https:\/\/www.qintesi.com\/#organization","name":"Qintesi","url":"https:\/\/www.qintesi.com\/","logo":{"@type":"ImageObject","inLanguage":"en-US","@id":"https:\/\/www.qintesi.com\/#\/schema\/logo\/image\/","url":"https:\/\/www.qintesi.com\/wp-content\/uploads\/2022\/03\/qintesi_logo.png","contentUrl":"https:\/\/www.qintesi.com\/wp-content\/uploads\/2022\/03\/qintesi_logo.png","width":908,"height":681,"caption":"Qintesi"},"image":{"@id":"https:\/\/www.qintesi.com\/#\/schema\/logo\/image\/"}}]}},"_links":{"self":[{"href":"https:\/\/www.qintesi.com\/en\/wp-json\/wp\/v2\/pages\/21915","targetHints":{"allow":["GET"]}}],"collection":[{"href":"https:\/\/www.qintesi.com\/en\/wp-json\/wp\/v2\/pages"}],"about":[{"href":"https:\/\/www.qintesi.com\/en\/wp-json\/wp\/v2\/types\/page"}],"author":[{"embeddable":true,"href":"https:\/\/www.qintesi.com\/en\/wp-json\/wp\/v2\/users\/2"}],"replies":[{"embeddable":true,"href":"https:\/\/www.qintesi.com\/en\/wp-json\/wp\/v2\/comments?post=21915"}],"version-history":[{"count":3,"href":"https:\/\/www.qintesi.com\/en\/wp-json\/wp\/v2\/pages\/21915\/revisions"}],"predecessor-version":[{"id":34595,"href":"https:\/\/www.qintesi.com\/en\/wp-json\/wp\/v2\/pages\/21915\/revisions\/34595"}],"wp:attachment":[{"href":"https:\/\/www.qintesi.com\/en\/wp-json\/wp\/v2\/media?parent=21915"}],"curies":[{"name":"wp","href":"https:\/\/api.w.org\/{rel}","templated":true}]}}